{"id":4792,"date":"2017-12-02T23:28:04","date_gmt":"2017-12-02T23:28:04","guid":{"rendered":"https:\/\/sas911.de\/?page_id=4792"},"modified":"2025-06-20T17:34:30","modified_gmt":"2025-06-20T16:34:30","slug":"impressum-2","status":"publish","type":"page","link":"https:\/\/sas911.de\/?page_id=4792","title":{"rendered":"Datenschutzhinweise"},"content":{"rendered":"\t\t<div data-elementor-type=\"wp-post\" data-elementor-id=\"4792\" class=\"elementor elementor-4792\">\n\t\t\t\t\t\t\t\t\t<section class=\"elementor-section elementor-top-section elementor-element elementor-element-84a0b95 elementor-section-boxed elementor-section-height-default elementor-section-height-default\" data-id=\"84a0b95\" data-element_type=\"section\">\n\t\t\t\t\t\t<div class=\"elementor-container elementor-column-gap-default\">\n\t\t\t\t\t<div class=\"elementor-column elementor-col-100 elementor-top-column elementor-element elementor-element-d778202\" data-id=\"d778202\" data-element_type=\"column\">\n\t\t\t<div class=\"elementor-widget-wrap elementor-element-populated\">\n\t\t\t\t\t\t\t\t<div class=\"elementor-element elementor-element-14fea94 elementor-widget elementor-widget-heading\" data-id=\"14fea94\" data-element_type=\"widget\" data-widget_type=\"heading.default\">\n\t\t\t\t<div class=\"elementor-widget-container\">\n\t\t\t<h2 class=\"elementor-heading-title elementor-size-default\">Datenschutzhinweise<\/h2>\t\t<\/div>\n\t\t\t\t<\/div>\n\t\t\t\t\t<\/div>\n\t\t<\/div>\n\t\t\t\t\t\t\t<\/div>\n\t\t<\/section>\n\t\t\t\t<section class=\"elementor-section elementor-top-section elementor-element elementor-element-4dc95b2 elementor-section-boxed elementor-section-height-default elementor-section-height-default\" data-id=\"4dc95b2\" data-element_type=\"section\">\n\t\t\t\t\t\t<div class=\"elementor-container elementor-column-gap-default\">\n\t\t\t\t\t<div class=\"elementor-column elementor-col-100 elementor-top-column elementor-element elementor-element-b5655ca\" data-id=\"b5655ca\" data-element_type=\"column\">\n\t\t\t<div class=\"elementor-widget-wrap elementor-element-populated\">\n\t\t\t\t\t\t\t\t<div class=\"elementor-element elementor-element-0d6a5cb elementor-widget elementor-widget-text-editor\" data-id=\"0d6a5cb\" data-element_type=\"widget\" data-widget_type=\"text-editor.default\">\n\t\t\t\t<div class=\"elementor-widget-container\">\n\t\t\t\t\t\t\t<p>Wir m\u00f6chten Sie nachfolgend \u00fcber die Verarbeitung personenbezogener Daten im Rahmen der Nutzung unserer Internetseiten informieren.<\/p><p>\u00a0<\/p>\t\t\t\t\t\t<\/div>\n\t\t\t\t<\/div>\n\t\t\t\t\t<\/div>\n\t\t<\/div>\n\t\t\t\t\t\t\t<\/div>\n\t\t<\/section>\n\t\t\t\t<section class=\"elementor-section elementor-top-section elementor-element elementor-element-3c5e892 elementor-section-boxed elementor-section-height-default elementor-section-height-default\" data-id=\"3c5e892\" data-element_type=\"section\">\n\t\t\t\t\t\t<div class=\"elementor-container elementor-column-gap-default\">\n\t\t\t\t\t<div class=\"elementor-column elementor-col-100 elementor-top-column elementor-element elementor-element-d91f58f\" data-id=\"d91f58f\" data-element_type=\"column\">\n\t\t\t<div class=\"elementor-widget-wrap elementor-element-populated\">\n\t\t\t\t\t\t\t\t<div class=\"elementor-element elementor-element-b1f5c0a elementor-widget elementor-widget-text-editor\" data-id=\"b1f5c0a\" data-element_type=\"widget\" data-widget_type=\"text-editor.default\">\n\t\t\t\t<div class=\"elementor-widget-container\">\n\t\t\t\t\t\t\t<h2 class=\"western\"><u>Verantwortlicher<\/u><\/h2><p><span style=\"font-family: Arial, serif;\"><b>Verantwortlicher<\/b><\/span> f\u00fcr diese Internetseiten ist die <span style=\"font-family: Arial, serif;\"><b>SAS911 GmbH &amp; Co. KG<\/b><\/span>\u00a0(Hasel\u00fcnner Stra\u00dfe 29, 49811 Lingen). Weitere Angaben zu unserem Unternehmen und den vertretungsberechtigten Personen k\u00f6nnen Sie unserem Impressum entnehmen.<\/p><p>\u00a0<\/p>\t\t\t\t\t\t<\/div>\n\t\t\t\t<\/div>\n\t\t\t\t\t<\/div>\n\t\t<\/div>\n\t\t\t\t\t\t\t<\/div>\n\t\t<\/section>\n\t\t\t\t<section class=\"elementor-section elementor-top-section elementor-element elementor-element-b38d33b elementor-section-boxed elementor-section-height-default elementor-section-height-default\" data-id=\"b38d33b\" data-element_type=\"section\">\n\t\t\t\t\t\t<div class=\"elementor-container elementor-column-gap-default\">\n\t\t\t\t\t<div class=\"elementor-column elementor-col-100 elementor-top-column elementor-element elementor-element-df96e2f\" data-id=\"df96e2f\" data-element_type=\"column\">\n\t\t\t<div class=\"elementor-widget-wrap elementor-element-populated\">\n\t\t\t\t\t\t\t\t<div class=\"elementor-element elementor-element-3cdddb1 elementor-widget elementor-widget-text-editor\" data-id=\"3cdddb1\" data-element_type=\"widget\" data-widget_type=\"text-editor.default\">\n\t\t\t\t<div class=\"elementor-widget-container\">\n\t\t\t\t\t\t\t<h2 class=\"western\"><u>Welche Daten werden verarbeitet?<\/u><\/h2><h3 class=\"western\">Rechtsgrundlagen der Datenverarbeitung<\/h3><p>Um Ihnen unsere Internetseite und die damit verbundenen Dienstleistungen anbieten zu k\u00f6nnen, verarbeiten wir personenbezogene Daten auf Basis folgender Rechtsgrundlagen:<\/p><ul><li><span style=\"font-family: Arial, serif;\"><b>Einwilligung<\/b><\/span> (Art. 6 Abs. 1 lit. a) DSGVO)<\/li><li>zur\u00a0<span style=\"font-family: Arial, serif;\"><b>Erf\u00fcllung von Vertr\u00e4gen<\/b><\/span> (Art. 6 Abs. 1 lit. b) DSGVO<\/li><li>auf Basis einer <span style=\"font-family: Arial, serif;\"><b>Interessenabw\u00e4gung<\/b><\/span> (Art. 6 Abs. 1 lit. f) DSGVO)<\/li><li>zur Erf\u00fcllung einer <span style=\"font-family: Arial, serif;\"><b>rechtlichen Verpflichtung<\/b><\/span> (Art. 6 Abs. 1 lit. c) DSGVO)<\/li><\/ul><p>Wir werden im Zusammenhang mit der jeweiligen Verarbeitung auf die entsprechenden Begrifflichkeiten Bezug nehmen, so dass Sie einordnen k\u00f6nnen, auf welcher Basis wir personenbezogene Daten verarbeiten.<\/p><p>Wenn personenbezogene Daten auf Grundlage einer <span style=\"font-family: Arial, serif;\"><b>Einwilligung<\/b><\/span> von Ihnen verarbeitet werden, haben Sie das Recht, die Einwilligung jederzeit mit Wirkung f\u00fcr die Zukunft uns gegen\u00fcber zu <span style=\"font-family: Arial, serif;\"><b>widerrufen<\/b><\/span>.<\/p><p>Wenn wir Daten auf Basis einer <span style=\"font-family: Arial, serif;\"><b>Interessenabw\u00e4gung<\/b><\/span> verarbeiten, haben Sie als Betroffene\/r das Recht, unter Ber\u00fccksichtigung der Vorgaben von Art. 21 DSGVO der Verarbeitung der personenbezogenen Daten zu <span style=\"font-family: Arial, serif;\"><b>widersprechen.<\/b><\/span><\/p><h3 class=\"western\">Zugriffsdaten<\/h3><p>Wenn Sie unsere Internetseiten besuchen, werden personenbezogene Daten verarbeitet, um Ihnen die Inhalte der Internetseite auf Ihrem Endger\u00e4t anzeigen zu k\u00f6nnen.<\/p><p>Damit die Seiten in Ihrem Browser dargestellt werden k\u00f6nnen, muss die IP-Adresse des von Ihnen verwendeten Endger\u00e4ts verarbeitet werden. Hinzu kommen weitere Information \u00fcber den Browser Ihres Endger\u00e4ts.<\/p><p>Wir sind datenschutzrechtlich verpflichtet, auch die Vertraulichkeit und Integrit\u00e4t der mit unseren IT-Systemen verarbeiteten personenbezogenen Daten zu gew\u00e4hrleisten.<\/p><p>F\u00fcr diesen Zweck und aus diesem Interesse werden auf Basis einer Interessenabw\u00e4gung nachfolgende Daten protokolliert:<\/p><ul><li>IP-Adresse des aufrufenden Rechners (f\u00fcr maximal 7 Tage)<\/li><li>Betriebssystem des aufrufenden Rechners<\/li><li>Browser Version des aufrufenden Rechners<\/li><li>Name der abgerufenen Datei<\/li><li>Datum und Uhrzeit des Abrufs<\/li><li>\u00fcbertragene Datenmenge<\/li><li>Verweisende URL<\/li><\/ul><p>Die IP-Adresse wird nach sp\u00e4testens 7 Tagen von allen Systemen, die im Zusammenhang mit dem Betrieb dieser Internetseiten verwendet werden, gel\u00f6scht. Einen Personenbezug k\u00f6nnen wir aus den verbleibenden Daten dann nicht mehr herstellen.<\/p><p>Die Daten werden ferner auch verwendet, um Fehler auf den Internetseiten ermitteln und beheben zu k\u00f6nnen.<\/p><h4 class=\"western\"><b>Cookies<\/b><\/h4><p>Auf unseren Internetseiten kommen Cookies zum Einsatz. Cookies sind kleine Textinformationen, die \u00fcber ihren Browser in Ihrem Endger\u00e4t gespeichert werden. Die Cookies sind erforderlich, um bestimmte Funktionen unserer Internetseiten zu erm\u00f6glichen.<\/p><p>Wir nutzen dabei nur Session-Cookies, die unmittelbar nach Beendigung des Besuchs der Internetseiten automatisch von Ihrem Browser gel\u00f6scht werden.<\/p><p>Sie haben die M\u00f6glichkeit, das Setzen von Cookies durch entsprechende Einstellungen in Ihrem Browser zu unterbinden. Wir weisen jedoch darauf hin, dass die Nutzung unserer Internetseiten dann ggf. nur eingeschr\u00e4nkt m\u00f6glich ist. Durch Cookies werden keine Programme oder sonstige Applikationen auf Ihrem Rechner installiert oder gestartet.<\/p><p>Der Einsatz von Cookies erfolgt auf Basis einer Interessenabw\u00e4gung. Unser Interesse ist der bedienungsfreundliche Besuch unserer Internetseiten.<\/p><h4 class=\"western\"><b>KEINE Webanalyse<br \/><\/b>Wir setzen keine Analysetools ein<\/h4><h3 class=\"western\">Google Webfonts<\/h3><p>Wir setzen auf unseren Internetseiten sog. Google Webfonts ein. Dabei werden Schriftarten von Servern von Google geladen, die einer besseren Gestaltung der Internetseite dienen. Die Datenverarbeitung erfolgt auf Basis einer Interessenabw\u00e4gung, wobei unser Interesse in einer ansprechenden Gestaltung der Internetseite besteht.<\/p><p>Die betreffenden Schriftarten werden von Servern von Google geladen, die sich in der Regel in den USA befinden. Das angemessene Datenschutzniveau wird von Google garantiert (<a href=\"https:\/\/www.privacyshield.gov\/participant?id=a2zt000000001L5AAI&amp;status=Active\"><u>Listeneintrag<\/u><\/a> \u201ePrivacy Shield\u201c).<\/p><h2>\u00a0<\/h2><h2 class=\"western\"><u>Zwecke der Verarbeitung personenbezogener Daten<\/u><\/h2><p>Die vorgenannten Daten verarbeiten wir f\u00fcr den Betrieb unserer Internetseite und f\u00fcr Erf\u00fcllung von vertraglichen Pflichten gegen\u00fcber unseren Kunden bzw. der Wahrung unserer berechtigten Interessen.<\/p><p>Bei Anfragen von Ihnen au\u00dferhalb eines aktiven Kundenverh\u00e4ltnisses verarbeiten wir die Daten f\u00fcr Zwecke des Vertriebs und der Werbung. Sie k\u00f6nnen einer Verwendung Ihrer personenbezogenen Daten f\u00fcr Werbezwecke jederzeit widersprechen.<\/p><h2>\u00a0<\/h2><h2 class=\"western\"><u>Freiwillige Angaben<\/u><\/h2><p>Soweit Sie Daten uns gegen\u00fcber z.B. in Formularen freiwillig angeben und diese f\u00fcr die Erf\u00fcllung unserer vertraglichen Pflichten nicht erforderlich sind, verarbeiten wir diese Daten in der berechtigten Annahme, dass die Verarbeitung und Verwendung dieser Daten in Ihrem Interesse ist.<\/p><h2>\u00a0<\/h2><h2 class=\"western\"><u>Empf\u00e4nger \/ Weitergabe von Daten<\/u><\/h2><p>Daten, die Sie uns gegen\u00fcber angeben, werden grunds\u00e4tzlich nicht an Dritte weitergegeben. Insbesondere werden Ihre Daten nicht an Dritte f\u00fcr deren Werbezwecke weitergegeben.<\/p><p>Wir setzen jedoch ggf. Dienstleister f\u00fcr den Betrieb dieser Internetseiten oder f\u00fcr weitere Produkte oder Dienstleistungen von uns ein. Hier kann es vorkommen, dass ein Dienstleister Kenntnis von personenbezogenen Daten erh\u00e4lt Wir w\u00e4hlen unsere Dienstleister sorgf\u00e4ltig \u2013 insbesondere im Hinblick auf Datenschutz und Datensicherheit \u2013 aus und treffen alle datenschutzrechtlich erforderlichen Ma\u00dfnahmen f\u00fcr eine zul\u00e4ssige Datenverarbeitung.<\/p><h2>\u00a0<\/h2><h2 class=\"western\"><u>Datenverarbeitung au\u00dferhalb der Europ\u00e4ischen Union<\/u><\/h2><p>Soweit personenbezogenen Daten au\u00dferhalb der europ\u00e4ischen Union verarbeitet werden, k\u00f6nnen Sie dies den vorherigen Ausf\u00fchrungen entnehmen.<\/p><h2 class=\"western\">\u00a0<\/h2><h2 class=\"western\"><u>Datenschutzbeauftragter<\/u><\/h2><p>Wir sind gesetzlich nicht verpflichtet einen Datenschutzbeauftragten zu benennen.<\/p><p>Sie erreichen uns zum Thema Datenschutz wie folgt:<\/p><p>Stefan Andreas Scheipers<br \/>SAS911 GmbH &amp; Co. KG<br \/>Hasel\u00fcnner Str. 29<br \/>49809 Lingen<br \/>E-Mail: info@sas911.de<\/p><h2 class=\"western\">\u00a0<\/h2><h2 class=\"western\"><u>Ihre Rechte als Betroffene\/r<\/u><\/h2><p>Sie haben das Recht auf <span style=\"font-family: Arial, serif;\"><b>Auskunft<\/b><\/span> \u00fcber die Sie betreffenden personenbezogenen Daten. Sie k\u00f6nnen sich f\u00fcr eine Auskunft jederzeit an uns wenden.<\/p><p>Bei einer Auskunftsanfrage, die nicht schriftlich erfolgt, bitten wir um Verst\u00e4ndnis daf\u00fcr, dass wir ggf. Nachweise von Ihnen verlangen, die belegen, dass Sie die Person sind, f\u00fcr die Sie sich ausgeben.<\/p><p>Ferner haben Sie ein Recht auf <span style=\"font-family: Arial, serif;\"><b>Berichtigung<\/b><\/span> oder <span style=\"font-family: Arial, serif;\"><b>L\u00f6schung<\/b><\/span> oder auf <span style=\"font-family: Arial, serif;\"><b>Einschr\u00e4nkung<\/b><\/span> der Verarbeitung, soweit Ihnen dies gesetzlich zusteht.<\/p><p>Schlie\u00dflich haben Sie ein <span style=\"font-family: Arial, serif;\"><b>Widerspruchsrecht<\/b><\/span> gegen die Verarbeitung im Rahmen der gesetzlichen Vorgaben. Gleiches gilt f\u00fcr ein Recht auf Daten\u00fcbertragbarkeit.<\/p><h2 class=\"western\">\u00a0<\/h2><h2 class=\"western\"><u>L\u00f6schung von Daten<\/u><\/h2><p class=\"western\"><span style=\"font-size: small;\">Wir l\u00f6schen personenbezogene Daten grunds\u00e4tzlich dann, wenn kein Erfordernis f\u00fcr eine weitere Speicherung besteht. Ein Erfordernis kann insbesondere dann bestehen, wenn die Daten noch ben\u00f6tigt werden, um vertragliche Leistungen zur erf\u00fcllen, Gew\u00e4hrleistungs- und ggf. Garantieanspr\u00fcche pr\u00fcfen und gew\u00e4hren oder abwehren zu k\u00f6nnen. Im Falle von gesetzlichen Aufbewahrungspflichten kommt eine L\u00f6schung erst nach Ablauf der jeweiligen Aufbewahrungspflicht in Betracht.<\/span><\/p><h2 class=\"western\">\u00a0<\/h2><h2 class=\"western\"><u>Beschwerderecht bei einer Aufsichtsbeh\u00f6rde<\/u><\/h2><p><a name=\"OLE_LINK47\"><\/a><a name=\"OLE_LINK46\"><\/a> Sie haben das Recht, sich \u00fcber die Verarbeitung personenbezogenen Daten durch uns bei einer <span style=\"font-family: Arial, serif;\"><b>Aufsichtsbeh\u00f6rde<\/b><\/span> f\u00fcr den Datenschutz zu beschweren.<\/p><h2 class=\"western\">\u00a0<\/h2><h2 class=\"western\"><u>\u00c4nderung dieser Datenschutzhinweise<\/u><\/h2><p>Wir \u00fcberarbeiten diese Datenschutzhinweise bei \u00c4nderungen an dieser Internetseite oder bei sonstigen Anl\u00e4ssen, die dies erforderlich machen. Die jeweils aktuelle Fassung finden Sie stets auf dieser Internetseite<\/p><p>Stand: 20.06.2025<\/p>\t\t\t\t\t\t<\/div>\n\t\t\t\t<\/div>\n\t\t\t\t\t<\/div>\n\t\t<\/div>\n\t\t\t\t\t\t\t<\/div>\n\t\t<\/section>\n\t\t\t\t\t\t\t<\/div>\n\t\t","protected":false},"excerpt":{"rendered":"<p>Datenschutzhinweise Wir m\u00f6chten Sie nachfolgend \u00fcber die Verarbeitung personenbezogener Daten im Rahmen der Nutzung unserer Internetseiten informieren. \u00a0 Verantwortlicher Verantwortlicher f\u00fcr diese Internetseiten ist die SAS911 GmbH &amp; Co. KG\u00a0(Hasel\u00fcnner Stra\u00dfe 29, 49811 Lingen). Weitere Angaben zu unserem Unternehmen und den vertretungsberechtigten Personen k\u00f6nnen Sie unserem Impressum entnehmen. \u00a0 Welche Daten werden verarbeitet? Rechtsgrundlagen der &hellip;<\/p>\n","protected":false},"author":1,"featured_media":0,"parent":0,"menu_order":0,"comment_status":"closed","ping_status":"closed","template":"","meta":{"footnotes":""},"_links":{"self":[{"href":"https:\/\/sas911.de\/index.php?rest_route=\/wp\/v2\/pages\/4792"}],"collection":[{"href":"https:\/\/sas911.de\/index.php?rest_route=\/wp\/v2\/pages"}],"about":[{"href":"https:\/\/sas911.de\/index.php?rest_route=\/wp\/v2\/types\/page"}],"author":[{"embeddable":true,"href":"https:\/\/sas911.de\/index.php?rest_route=\/wp\/v2\/users\/1"}],"replies":[{"embeddable":true,"href":"https:\/\/sas911.de\/index.php?rest_route=%2Fwp%2Fv2%2Fcomments&post=4792"}],"version-history":[{"count":24,"href":"https:\/\/sas911.de\/index.php?rest_route=\/wp\/v2\/pages\/4792\/revisions"}],"predecessor-version":[{"id":4967,"href":"https:\/\/sas911.de\/index.php?rest_route=\/wp\/v2\/pages\/4792\/revisions\/4967"}],"wp:attachment":[{"href":"https:\/\/sas911.de\/index.php?rest_route=%2Fwp%2Fv2%2Fmedia&parent=4792"}],"curies":[{"name":"wp","href":"https:\/\/api.w.org\/{rel}","templated":true}]}}