{"id":4863,"date":"2018-05-24T23:43:10","date_gmt":"2018-05-24T22:43:10","guid":{"rendered":"https:\/\/sas911.de\/?page_id=4863"},"modified":"2025-06-20T17:23:18","modified_gmt":"2025-06-20T16:23:18","slug":"impressum-3","status":"publish","type":"page","link":"https:\/\/sas911.de\/?page_id=4863","title":{"rendered":"Impressum"},"content":{"rendered":"\t\t<div data-elementor-type=\"wp-post\" data-elementor-id=\"4863\" class=\"elementor elementor-4863\">\n\t\t\t\t\t\t\t\t\t<section class=\"elementor-section elementor-top-section elementor-element elementor-element-f8a7402 elementor-section-boxed elementor-section-height-default elementor-section-height-default\" data-id=\"f8a7402\" data-element_type=\"section\">\n\t\t\t\t\t\t<div class=\"elementor-container elementor-column-gap-default\">\n\t\t\t\t\t<div class=\"elementor-column elementor-col-100 elementor-top-column elementor-element elementor-element-d15b20f\" data-id=\"d15b20f\" data-element_type=\"column\">\n\t\t\t<div class=\"elementor-widget-wrap elementor-element-populated\">\n\t\t\t\t\t\t\t\t<div class=\"elementor-element elementor-element-d4e6fe1 elementor-widget elementor-widget-heading\" data-id=\"d4e6fe1\" data-element_type=\"widget\" data-widget_type=\"heading.default\">\n\t\t\t\t<div class=\"elementor-widget-container\">\n\t\t\t<h2 class=\"elementor-heading-title elementor-size-default\">Impressum<\/h2>\t\t<\/div>\n\t\t\t\t<\/div>\n\t\t\t\t\t<\/div>\n\t\t<\/div>\n\t\t\t\t\t\t\t<\/div>\n\t\t<\/section>\n\t\t\t\t<section class=\"elementor-section elementor-top-section elementor-element elementor-element-a796d55 elementor-section-boxed elementor-section-height-default elementor-section-height-default\" data-id=\"a796d55\" data-element_type=\"section\">\n\t\t\t\t\t\t<div class=\"elementor-container elementor-column-gap-default\">\n\t\t\t\t\t<div class=\"elementor-column elementor-col-100 elementor-top-column elementor-element elementor-element-4191ac3\" data-id=\"4191ac3\" data-element_type=\"column\">\n\t\t\t<div class=\"elementor-widget-wrap elementor-element-populated\">\n\t\t\t\t\t\t\t\t<div class=\"elementor-element elementor-element-beb72a8 elementor-widget elementor-widget-text-editor\" data-id=\"beb72a8\" data-element_type=\"widget\" data-widget_type=\"text-editor.default\">\n\t\t\t\t<div class=\"elementor-widget-container\">\n\t\t\t\t\t\t\t<p><b>SAS911 GmbH &amp; Co. KG<\/b><br \/>&#8211; Serviceb\u00fcro &#8211;\u00a0<br \/>Hasel\u00fcnner Stra\u00dfe 29<br \/>49809 Lingen (Ems)<\/p><p><span style=\"letter-spacing: 0em;\"><b>Kontakt:<br \/><\/b><\/span>Telefon +49 591 13288999<br \/>E-Mail info@sas911.de<\/p><p><b>Inhaltlich verantwortlich gem\u00e4\u00df \u00a75 TMG<br \/><\/b>Herr Stefan Andreas Scheipers<br \/><br \/>SAS911 GmbH &amp; Co. KG<br \/>&#8211; Verwaltung &#8211;\u00a0<br \/>Damaschkestr. 41<br \/>49811 Lingen (Ems)<\/p><p><span style=\"font-weight: bold;\">Der Vertretungsberechtigte Gesch\u00e4ftsf\u00fchrer<\/span><br \/>Herr Stefan Andreas Scheipers<\/p><p>Umsatzsteuer-Identifikationsnummer gem\u00e4\u00df \u00a727a Umsatzsteuergesetz: DE330533640<br \/>Eingetragen im Handelsregister beim Amtsgericht Osnabr\u00fcck unter der Nummer: HRA206854<br \/>Mitglied im Verband der Sachverst\u00e4ndigen und Datenschutzbeauftragen e. V. (Mitglieds-Nr. 255)<\/p><div>\u00a0<\/div>\t\t\t\t\t\t<\/div>\n\t\t\t\t<\/div>\n\t\t\t\t\t<\/div>\n\t\t<\/div>\n\t\t\t\t\t\t\t<\/div>\n\t\t<\/section>\n\t\t\t\t\t\t\t<\/div>\n\t\t","protected":false},"excerpt":{"rendered":"<p>Impressum SAS911 GmbH &amp; Co. KG&#8211; Serviceb\u00fcro &#8211;\u00a0Hasel\u00fcnner Stra\u00dfe 2949809 Lingen (Ems) Kontakt:Telefon +49 591 13288999E-Mail info@sas911.de Inhaltlich verantwortlich gem\u00e4\u00df \u00a75 TMGHerr Stefan Andreas Scheipers SAS911 GmbH &amp; Co. KG&#8211; Verwaltung &#8211;\u00a0Damaschkestr. 4149811 Lingen (Ems) Der Vertretungsberechtigte Gesch\u00e4ftsf\u00fchrerHerr Stefan Andreas Scheipers Umsatzsteuer-Identifikationsnummer gem\u00e4\u00df \u00a727a Umsatzsteuergesetz: DE330533640Eingetragen im Handelsregister beim Amtsgericht Osnabr\u00fcck unter der Nummer: HRA206854Mitglied &hellip;<\/p>\n","protected":false},"author":1,"featured_media":0,"parent":0,"menu_order":0,"comment_status":"closed","ping_status":"closed","template":"","meta":{"footnotes":""},"_links":{"self":[{"href":"https:\/\/sas911.de\/index.php?rest_route=\/wp\/v2\/pages\/4863"}],"collection":[{"href":"https:\/\/sas911.de\/index.php?rest_route=\/wp\/v2\/pages"}],"about":[{"href":"https:\/\/sas911.de\/index.php?rest_route=\/wp\/v2\/types\/page"}],"author":[{"embeddable":true,"href":"https:\/\/sas911.de\/index.php?rest_route=\/wp\/v2\/users\/1"}],"replies":[{"embeddable":true,"href":"https:\/\/sas911.de\/index.php?rest_route=%2Fwp%2Fv2%2Fcomments&post=4863"}],"version-history":[{"count":15,"href":"https:\/\/sas911.de\/index.php?rest_route=\/wp\/v2\/pages\/4863\/revisions"}],"predecessor-version":[{"id":4960,"href":"https:\/\/sas911.de\/index.php?rest_route=\/wp\/v2\/pages\/4863\/revisions\/4960"}],"wp:attachment":[{"href":"https:\/\/sas911.de\/index.php?rest_route=%2Fwp%2Fv2%2Fmedia&parent=4863"}],"curies":[{"name":"wp","href":"https:\/\/api.w.org\/{rel}","templated":true}]}}